{"id":3554,"date":"2022-01-18T16:39:57","date_gmt":"2022-01-18T15:39:57","guid":{"rendered":"https:\/\/restaurant-la-plume.fr\/?page_id=3554"},"modified":"2023-04-18T16:10:06","modified_gmt":"2023-04-18T14:10:06","slug":"nos-desserts","status":"publish","type":"page","link":"https:\/\/restaurant-la-plume.fr\/?page_id=3554","title":{"rendered":"Nos desserts"},"content":{"rendered":"<p>[vc_row full_height=\u00a0\u00bbyes\u00a0\u00bb parallax_background_image=\u00a0\u00bb3556&Prime; parallax_bg_speed=\u00a0\u00bb0&Prime;][vc_column][vc_row_inner row_content_width=\u00a0\u00bbgrid\u00a0\u00bb][vc_column_inner css=\u00a0\u00bb.vc_custom_1533285714962{padding-right: 0px !important;padding-left: 0px !important;}\u00a0\u00bb offset=\u00a0\u00bbvc_col-lg-6 vc_col-md-8&Prime;]<div class=\"mkdf-elements-holder   mkdf-one-column  mkdf-responsive-mode-768 \" ><div class=\"mkdf-eh-item    \" style=\"background-color: rgba(255,255,255,0.9)\" data-item-class=\"mkdf-eh-custom-5758\">\n\t<div class=\"mkdf-eh-item-inner\">\n\t\t<div class=\"mkdf-eh-item-content mkdf-eh-custom-5758\" style=\"padding: 18% 12% 0\">\n\t\t\t<div class=\"mkdf-section-title-holder  mkdf-st-standard mkdf-st-title-left mkdf-st-normal-space \" >\n\t<div class=\"mkdf-st-inner\">\n\t\t\t\t\t<h2 class=\"mkdf-st-title\" >\n\t\t\t\tLes<br \/> desserts\t\t\t<\/h2>\n\t\t    <span class=\"mkdf-st-line\" style=\"height: 0px\"><\/span>\n    <div class=\"mkdf-st-text\" >\n            <\/div>\n\t<\/div>\n<\/div>[vc_empty_space height=\u00a0\u00bb30px\u00a0\u00bb]<div class=\"mkdf-section-title-holder  mkdf-st-standard mkdf-st-title-left mkdf-st-normal-space \" >\n\t<div class=\"mkdf-st-inner\">\n\t\t\t\t\t<h5 class=\"mkdf-st-title\" >\n\t\t\t\tDesserts\t\t\t<\/h5>\n\t\t    <span class=\"mkdf-st-line\" style=\"margin: 10px 0 0 0; height: 20px\"><\/span>\n    <div class=\"mkdf-st-text\" >\n            <\/div>\n\t<\/div>\n<\/div>[vc_column_text]<\/p>\n<ul>\n<li>Kulfi Mangue (Glace indienne givr\u00e9 maison) 5 \u20ac<\/li>\n<li>Kulfi Coco (Glace indienne givr\u00e9 maison) 5 \u20ac<\/li>\n<li>Kulfi Rose (Glace indienne givr\u00e9 maison) 5 \u20ac<\/li>\n<li>Cr\u00e8me br\u00fbl\u00e9e : 5 \u20ac<\/li>\n<li>Fondant au chocolat, cr\u00e8me anglaise : 5 \u20ac<\/li>\n<li>Profiteroles (2 pi\u00e8ces) : 7 \u20ac<\/li>\n<li>Irish Coffee, Caf\u00e9 Antillais : 8,80 \u20ac<\/li>\n<li>Caf\u00e9 gourmand : 7,70 \u20ac<\/li>\n<li>Th\u00e9 indien gourmand : 9,90 \u20ac<\/li>\n<li>Dessert indien selon approvisionnement (se renseigner)<\/li>\n<\/ul>\n<p>[\/vc_column_text][vc_empty_space height=\u00a0\u00bb50px\u00a0\u00bb]<div class=\"mkdf-section-title-holder  mkdf-st-standard mkdf-st-title-left mkdf-st-normal-space \" >\n\t<div class=\"mkdf-st-inner\">\n\t\t\t\t\t<h5 class=\"mkdf-st-title\" >\n\t\t\t\tCoupes glac\u00e9es\t\t\t<\/h5>\n\t\t    <span class=\"mkdf-st-line\" style=\"margin: 10px 0 0 0; height: 20px\"><\/span>\n    <div class=\"mkdf-st-text\" >\n            <\/div>\n\t<\/div>\n<\/div>[vc_column_text]<\/p>\n<div class=\"\">\n<ul>\n<li>Caf\u00e9 Li\u00e9geois : 7,50 \u20ac<br \/>\n<span class=\"\">\u2003\u2009(2 boules caf\u00e9, expresso, cr\u00e8me fouett\u00e9e)<\/span><\/li>\n<li>Dame Blanche : 7 \u20ac<br \/>\n<span class=\"\">\u2003\u2009(3 boules vanille, sauce chocolat, cr\u00e8me fouett\u00e9e)<\/span><\/li>\n<li>Coupe La Plume : 8,40 \u20ac<br \/>\n<span class=\"\">\u2003\u2009(1 boule gingembre, 1 boule rose, 1 boule cannelle,<br \/>\n<\/span><span class=\"\">\u2003\u2009arros\u00e9e de gingembre)<\/span><\/li>\n<\/ul>\n<\/div>\n<p>[\/vc_column_text][vc_empty_space height=\u00a0\u00bb50px\u00a0\u00bb]<div class=\"mkdf-section-title-holder  mkdf-st-standard mkdf-st-title-left mkdf-st-normal-space \" >\n\t<div class=\"mkdf-st-inner\">\n\t\t\t\t\t<h5 class=\"mkdf-st-title\" >\n\t\t\t\tComposez votre coupe\t\t\t<\/h5>\n\t\t    <span class=\"mkdf-st-line\" style=\"margin: 10px 0 0 0; height: 20px\"><\/span>\n    <div class=\"mkdf-st-text\" >\n            <\/div>\n\t<\/div>\n<\/div>[vc_column_text]<\/p>\n<div class=\"\">\n<ul>\n<li>1 boule : 2,50 \u20ac<\/li>\n<li>2 boules : 4,50 \u20ac<\/li>\n<li>3 boules : 6,50 \u20ac<\/li>\n<li>Suppl\u00e9ment cr\u00e8me fouett\u00e9e : 0,70 \u20ac<\/li>\n<\/ul>\n<\/div>\n<p>[\/vc_column_text][vc_empty_space height=\u00a0\u00bb50px\u00a0\u00bb]<div class=\"mkdf-section-title-holder  mkdf-st-standard mkdf-st-title-left mkdf-st-normal-space \" >\n\t<div class=\"mkdf-st-inner\">\n\t\t\t\t\t<h5 class=\"mkdf-st-title\" >\n\t\t\t\tLes parfums\t\t\t<\/h5>\n\t\t    <span class=\"mkdf-st-line\" style=\"margin: 10px 0 0 0; height: 20px\"><\/span>\n    <div class=\"mkdf-st-text\" >\n            <\/div>\n\t<\/div>\n<\/div>[vc_column_text]<\/p>\n<div class=\"\">\n<div class=\"\">\n<p>Nous avons s\u00e9lectionn\u00e9 pour vous une glace artisanale \u00e9labor\u00e9e par un \u201cMa\u00eetre Artisan Glacier\u201d situ\u00e9 au c\u0153ur des Alpes. C&rsquo;est gr\u00e2ce \u00e0 une s\u00e9lection rigoureuse des mati\u00e8res premi\u00e8res les plus n\u00f4bles que nous vous proposons des produits de r\u00e9f\u00e9rence.<\/p>\n<\/div>\n<\/div>\n<p>[\/vc_column_text][vc_empty_space height=\u00a0\u00bb10px\u00a0\u00bb][vc_column_text]<\/p>\n<div class=\"\">\n<h6><em>LES GLACES ARTISANALES :<\/em><\/h6>\n<p>Caf\u00e9, cannelle, chocolat, gingembre, rose, vanille<\/p>\n<\/div>\n<h6>LES SORBETS PLEIN FRUIT :<\/h6>\n<p>framboise, kalamansi, fruit de la passion[\/vc_column_text][vc_empty_space height=\u00a0\u00bb120px\u00a0\u00bb]\t\t<\/div>\n\t<\/div>\n<\/div><\/div>[\/vc_column_inner][vc_column_inner width=\u00a0\u00bb1\/2&Prime; offset=\u00a0\u00bbvc_col-lg-6 vc_hidden-sm vc_hidden-xs\u00a0\u00bb][\/vc_column_inner][\/vc_row_inner][\/vc_column][\/vc_row]<\/p>\n","protected":false},"excerpt":{"rendered":"<p>[vc_row full_height=\u00a0\u00bbyes\u00a0\u00bb parallax_background_image=\u00a0\u00bb3556&Prime; parallax_bg_speed=\u00a0\u00bb0&Prime;][vc_column][vc_row_inner row_content_width=\u00a0\u00bbgrid\u00a0\u00bb][vc_column_inner css=\u00a0\u00bb.vc_custom_1533285714962{padding-right: 0px !important;padding-left: 0px !important;}\u00a0\u00bb offset=\u00a0\u00bbvc_col-lg-6 vc_col-md-8&Prime;][\/vc_column_inner][vc_column_inner width=\u00a0\u00bb1\/2&Prime; offset=\u00a0\u00bbvc_col-lg-6 vc_hidden-sm vc_hidden-xs\u00a0\u00bb][\/vc_column_inner][\/vc_row_inner][\/vc_column][\/vc_row]<\/p>\n","protected":false},"author":1,"featured_media":0,"parent":0,"menu_order":0,"comment_status":"closed","ping_status":"closed","template":"full-width.php","meta":{"inline_featured_image":false},"yoast_head":"<!-- This site is optimized with the Yoast SEO plugin v18.1 - https:\/\/yoast.com\/wordpress\/plugins\/seo\/ -->\n<title>Nos desserts - Restaurant La Plume<\/title>\n<meta name=\"robots\" content=\"index, follow, max-snippet:-1, max-image-preview:large, max-video-preview:-1\" \/>\n<link rel=\"canonical\" href=\"https:\/\/restaurant-la-plume.fr\/?page_id=3554\" \/>\n<meta property=\"og:locale\" content=\"fr_FR\" \/>\n<meta property=\"og:type\" content=\"article\" \/>\n<meta property=\"og:title\" content=\"Nos desserts - Restaurant La Plume\" \/>\n<meta property=\"og:description\" content=\"[vc_row full_height=\u00a0\u00bbyes\u00a0\u00bb parallax_background_image=\u00a0\u00bb3556&Prime; parallax_bg_speed=\u00a0\u00bb0&Prime;][vc_column][vc_row_inner row_content_width=\u00a0\u00bbgrid\u00a0\u00bb][vc_column_inner css=\u00a0\u00bb.vc_custom_1533285714962{padding-right: 0px !important;padding-left: 0px !important;}\u00a0\u00bb offset=\u00a0\u00bbvc_col-lg-6 vc_col-md-8&Prime;][\/vc_column_inner][vc_column_inner width=\u00a0\u00bb1\/2&Prime; offset=\u00a0\u00bbvc_col-lg-6 vc_hidden-sm vc_hidden-xs\u00a0\u00bb][\/vc_column_inner][\/vc_row_inner][\/vc_column][\/vc_row]\" \/>\n<meta property=\"og:url\" content=\"https:\/\/restaurant-la-plume.fr\/?page_id=3554\" \/>\n<meta property=\"og:site_name\" content=\"Restaurant La Plume\" \/>\n<meta property=\"article:modified_time\" content=\"2023-04-18T14:10:06+00:00\" \/>\n<meta name=\"twitter:card\" content=\"summary_large_image\" \/>\n<meta name=\"twitter:label1\" content=\"Dur\u00e9e de lecture estim\u00e9e\" \/>\n\t<meta name=\"twitter:data1\" content=\"2 minutes\" \/>\n<script type=\"application\/ld+json\" class=\"yoast-schema-graph\">{\"@context\":\"https:\/\/schema.org\",\"@graph\":[{\"@type\":\"WebSite\",\"@id\":\"https:\/\/restaurant-la-plume.fr\/#website\",\"url\":\"https:\/\/restaurant-la-plume.fr\/\",\"name\":\"Restaurant La Plume\",\"description\":\"Sp\u00e9cialit\u00e9s indiennes\",\"potentialAction\":[{\"@type\":\"SearchAction\",\"target\":{\"@type\":\"EntryPoint\",\"urlTemplate\":\"https:\/\/restaurant-la-plume.fr\/?s={search_term_string}\"},\"query-input\":\"required name=search_term_string\"}],\"inLanguage\":\"fr-FR\"},{\"@type\":\"WebPage\",\"@id\":\"https:\/\/restaurant-la-plume.fr\/?page_id=3554#webpage\",\"url\":\"https:\/\/restaurant-la-plume.fr\/?page_id=3554\",\"name\":\"Nos desserts - Restaurant La Plume\",\"isPartOf\":{\"@id\":\"https:\/\/restaurant-la-plume.fr\/#website\"},\"datePublished\":\"2022-01-18T15:39:57+00:00\",\"dateModified\":\"2023-04-18T14:10:06+00:00\",\"breadcrumb\":{\"@id\":\"https:\/\/restaurant-la-plume.fr\/?page_id=3554#breadcrumb\"},\"inLanguage\":\"fr-FR\",\"potentialAction\":[{\"@type\":\"ReadAction\",\"target\":[\"https:\/\/restaurant-la-plume.fr\/?page_id=3554\"]}]},{\"@type\":\"BreadcrumbList\",\"@id\":\"https:\/\/restaurant-la-plume.fr\/?page_id=3554#breadcrumb\",\"itemListElement\":[{\"@type\":\"ListItem\",\"position\":1,\"name\":\"Accueil\",\"item\":\"https:\/\/restaurant-la-plume.fr\/\"},{\"@type\":\"ListItem\",\"position\":2,\"name\":\"Nos desserts\"}]}]}<\/script>\n<!-- \/ Yoast SEO plugin. -->","yoast_head_json":{"title":"Nos desserts - Restaurant La Plume","robots":{"index":"index","follow":"follow","max-snippet":"max-snippet:-1","max-image-preview":"max-image-preview:large","max-video-preview":"max-video-preview:-1"},"canonical":"https:\/\/restaurant-la-plume.fr\/?page_id=3554","og_locale":"fr_FR","og_type":"article","og_title":"Nos desserts - Restaurant La Plume","og_description":"[vc_row full_height=\u00a0\u00bbyes\u00a0\u00bb parallax_background_image=\u00a0\u00bb3556&Prime; parallax_bg_speed=\u00a0\u00bb0&Prime;][vc_column][vc_row_inner row_content_width=\u00a0\u00bbgrid\u00a0\u00bb][vc_column_inner css=\u00a0\u00bb.vc_custom_1533285714962{padding-right: 0px !important;padding-left: 0px !important;}\u00a0\u00bb offset=\u00a0\u00bbvc_col-lg-6 vc_col-md-8&Prime;][\/vc_column_inner][vc_column_inner width=\u00a0\u00bb1\/2&Prime; offset=\u00a0\u00bbvc_col-lg-6 vc_hidden-sm vc_hidden-xs\u00a0\u00bb][\/vc_column_inner][\/vc_row_inner][\/vc_column][\/vc_row]","og_url":"https:\/\/restaurant-la-plume.fr\/?page_id=3554","og_site_name":"Restaurant La Plume","article_modified_time":"2023-04-18T14:10:06+00:00","twitter_card":"summary_large_image","twitter_misc":{"Dur\u00e9e de lecture estim\u00e9e":"2 minutes"},"schema":{"@context":"https:\/\/schema.org","@graph":[{"@type":"WebSite","@id":"https:\/\/restaurant-la-plume.fr\/#website","url":"https:\/\/restaurant-la-plume.fr\/","name":"Restaurant La Plume","description":"Sp\u00e9cialit\u00e9s indiennes","potentialAction":[{"@type":"SearchAction","target":{"@type":"EntryPoint","urlTemplate":"https:\/\/restaurant-la-plume.fr\/?s={search_term_string}"},"query-input":"required name=search_term_string"}],"inLanguage":"fr-FR"},{"@type":"WebPage","@id":"https:\/\/restaurant-la-plume.fr\/?page_id=3554#webpage","url":"https:\/\/restaurant-la-plume.fr\/?page_id=3554","name":"Nos desserts - Restaurant La Plume","isPartOf":{"@id":"https:\/\/restaurant-la-plume.fr\/#website"},"datePublished":"2022-01-18T15:39:57+00:00","dateModified":"2023-04-18T14:10:06+00:00","breadcrumb":{"@id":"https:\/\/restaurant-la-plume.fr\/?page_id=3554#breadcrumb"},"inLanguage":"fr-FR","potentialAction":[{"@type":"ReadAction","target":["https:\/\/restaurant-la-plume.fr\/?page_id=3554"]}]},{"@type":"BreadcrumbList","@id":"https:\/\/restaurant-la-plume.fr\/?page_id=3554#breadcrumb","itemListElement":[{"@type":"ListItem","position":1,"name":"Accueil","item":"https:\/\/restaurant-la-plume.fr\/"},{"@type":"ListItem","position":2,"name":"Nos desserts"}]}]}},"_links":{"self":[{"href":"https:\/\/restaurant-la-plume.fr\/index.php?rest_route=\/wp\/v2\/pages\/3554"}],"collection":[{"href":"https:\/\/restaurant-la-plume.fr\/index.php?rest_route=\/wp\/v2\/pages"}],"about":[{"href":"https:\/\/restaurant-la-plume.fr\/index.php?rest_route=\/wp\/v2\/types\/page"}],"author":[{"embeddable":true,"href":"https:\/\/restaurant-la-plume.fr\/index.php?rest_route=\/wp\/v2\/users\/1"}],"replies":[{"embeddable":true,"href":"https:\/\/restaurant-la-plume.fr\/index.php?rest_route=%2Fwp%2Fv2%2Fcomments&post=3554"}],"version-history":[{"count":27,"href":"https:\/\/restaurant-la-plume.fr\/index.php?rest_route=\/wp\/v2\/pages\/3554\/revisions"}],"predecessor-version":[{"id":5202,"href":"https:\/\/restaurant-la-plume.fr\/index.php?rest_route=\/wp\/v2\/pages\/3554\/revisions\/5202"}],"wp:attachment":[{"href":"https:\/\/restaurant-la-plume.fr\/index.php?rest_route=%2Fwp%2Fv2%2Fmedia&parent=3554"}],"curies":[{"name":"wp","href":"https:\/\/api.w.org\/{rel}","templated":true}]}}