{"id":3493,"date":"2022-01-18T10:46:05","date_gmt":"2022-01-18T09:46:05","guid":{"rendered":"https:\/\/restaurant-la-plume.fr\/?page_id=3493"},"modified":"2023-04-18T16:21:19","modified_gmt":"2023-04-18T14:21:19","slug":"nos-boissons","status":"publish","type":"page","link":"https:\/\/restaurant-la-plume.fr\/?page_id=3493","title":{"rendered":"Nos boissons"},"content":{"rendered":"<p>[vc_row full_height=\u00a0\u00bbyes\u00a0\u00bb parallax_background_image=\u00a0\u00bb4024&Prime; parallax_bg_speed=\u00a0\u00bb0&Prime;][vc_column][vc_row_inner row_content_width=\u00a0\u00bbgrid\u00a0\u00bb][vc_column_inner css=\u00a0\u00bb.vc_custom_1533285714962{padding-right: 0px !important;padding-left: 0px !important;}\u00a0\u00bb offset=\u00a0\u00bbvc_col-lg-6 vc_col-md-8&Prime;]<div class=\"mkdf-elements-holder   mkdf-one-column  mkdf-responsive-mode-768 \" ><div class=\"mkdf-eh-item    \" style=\"background-color: rgba(255,255,255,0.9)\" data-item-class=\"mkdf-eh-custom-5448\">\n\t<div class=\"mkdf-eh-item-inner\">\n\t\t<div class=\"mkdf-eh-item-content mkdf-eh-custom-5448\" style=\"padding: 18% 12% 0\">\n\t\t\t<div class=\"mkdf-section-title-holder  mkdf-st-standard mkdf-st-title-left mkdf-st-normal-space \" >\n\t<div class=\"mkdf-st-inner\">\n\t\t\t\t\t<h2 class=\"mkdf-st-title\" >\n\t\t\t\tLes<br \/> boissons\t\t\t<\/h2>\n\t\t    <span class=\"mkdf-st-line\" style=\"height: 0px\"><\/span>\n    <div class=\"mkdf-st-text\" >\n            <\/div>\n\t<\/div>\n<\/div>[vc_empty_space height=\u00a0\u00bb30px\u00a0\u00bb]<div class=\"mkdf-section-title-holder  mkdf-st-standard mkdf-st-title-left mkdf-st-normal-space \" >\n\t<div class=\"mkdf-st-inner\">\n\t\t\t\t\t<h5 class=\"mkdf-st-title\" >\n\t\t\t\tCocktail maison\t\t\t<\/h5>\n\t\t    <span class=\"mkdf-st-line\" style=\"margin: 10px 0 0 0; height: 20px\"><\/span>\n    <div class=\"mkdf-st-text\" >\n            <\/div>\n\t<\/div>\n<\/div>[vc_column_text]<\/p>\n<div class=\"\">\n<ul>\n<li>Punch indien (mangue, rhum blanc, rose) (12 cl) : 5,50 \u20ac<\/li>\n<li>Sans alcool (orange, ananas, rose) (33 cl) : 5,50 \u20ac<\/li>\n<\/ul>\n<\/div>\n<p>[\/vc_column_text][vc_empty_space height=\u00a0\u00bb50px\u00a0\u00bb]<div class=\"mkdf-section-title-holder  mkdf-st-standard mkdf-st-title-left mkdf-st-normal-space \" >\n\t<div class=\"mkdf-st-inner\">\n\t\t\t\t\t<h5 class=\"mkdf-st-title\" >\n\t\t\t\tSp\u00e9cialit\u00e9s indiennes\t\t\t<\/h5>\n\t\t    <span class=\"mkdf-st-line\" style=\"margin: 10px 0 0 0; height: 20px\"><\/span>\n    <div class=\"mkdf-st-text\" >\n            <\/div>\n\t<\/div>\n<\/div>[vc_column_text]<em>Le lassi est l&rsquo;une de nos sp\u00e9cialit\u00e9s, \u00e0 base de yaourt, de lait et de pulpe de fruits, il s\u00e9duit tous les palais par son onctuosit\u00e9, sa fra\u00eecheur et sa saveur d\u00e9licate.<\/em><\/p>\n<p>&nbsp;<\/p>\n<ul>\n<li><span class=\"\">Lassi mangue; ou rose; ou sal\u00e9 (33 cl) : 5,50 \u20ac<\/span><\/li>\n<li>Nimbu Pani (citronnade \u00e0 l&rsquo;indienne) (33 cl) : 5,50 \u20ac<\/li>\n<\/ul>\n<p>[\/vc_column_text][vc_empty_space height=\u00a0\u00bb50px\u00a0\u00bb]<div class=\"mkdf-section-title-holder  mkdf-st-standard mkdf-st-title-left mkdf-st-normal-space \" >\n\t<div class=\"mkdf-st-inner\">\n\t\t\t\t\t<h5 class=\"mkdf-st-title\" >\n\t\t\t\tAp\u00e9ritifs\t\t\t<\/h5>\n\t\t    <span class=\"mkdf-st-line\" style=\"margin: 10px 0 0 0; height: 20px\"><\/span>\n    <div class=\"mkdf-st-text\" >\n            <\/div>\n\t<\/div>\n<\/div>[vc_column_text]<\/p>\n<div class=\"\">\n<ul>\n<li>Panach\u00e9 ou Monaco (25 cl) : 3 \u20ac<\/li>\n<li>Picon bi\u00e8re ou Cynar bi\u00e8re (25 cl) : 4 \u20ac<\/li>\n<li>Ricard ou Ricard perroquet ou Ricard tomate (25 cl) : 4 \u20ac<\/li>\n<li>Martini blanc ou rouge (4 cl) : 4 \u20ac<\/li>\n<li>Porto ou Campari\u00a0 (4 cl) : 4 \u20ac<\/li>\n<li>Coupe de Cr\u00e9mant (12 cl) : 6 \u20ac<\/li>\n<li>Kir cassis (12 cl) : 4 \u20ac<\/li>\n<li>Kir litchi \u201cmaison\u201d (12 cl) : 5 \u20ac<\/li>\n<li>Kir royal cassis (12 cl) : 6,50 \u20ac<\/li>\n<li>Kir royal litchi \u201cmaison\u201d (12 cl) : 7,50 \u20ac<\/li>\n<li>Whisky (4 cl) : 6 \u20ac<\/li>\n<li>Whisky 12 ans (4 cl) : 9 \u20ac<\/li>\n<li>Whisky indien (selon disponibilit\u00e9) (4 cl) : 9 \u20ac<\/li>\n<\/ul>\n<\/div>\n<p>[\/vc_column_text][vc_empty_space height=\u00a0\u00bb50px\u00a0\u00bb]<div class=\"mkdf-section-title-holder  mkdf-st-standard mkdf-st-title-left mkdf-st-normal-space \" >\n\t<div class=\"mkdf-st-inner\">\n\t\t\t\t\t<h5 class=\"mkdf-st-title\" >\n\t\t\t\tBoissons fra\u00eeches\t\t\t<\/h5>\n\t\t    <span class=\"mkdf-st-line\" style=\"margin: 10px 0 0 0; height: 20px\"><\/span>\n    <div class=\"mkdf-st-text\" >\n            <\/div>\n\t<\/div>\n<\/div>[vc_column_text]<\/p>\n<ul>\n<li>Sirop \u00e0 l&rsquo;eau (25 cl) : 2,20 \u20ac<\/li>\n<li>Diabolo (25 cl) : 3 \u20ac<\/li>\n<li>Limonade (25 cl) : 3 \u20ac<\/li>\n<li>Carola (bleue, verte, rouge) (50 cl) : 3 \u20ac<\/li>\n<li>Carola (bleue, verte, rouge) (1 l) : 6 \u20ac<\/li>\n<li>Ice Tea (25 cl) : 3,50 \u20ac<\/li>\n<li>Coca-Cola ou Coca-Cola z\u00e9ro (33 cl) : 3,50 \u20ac<\/li>\n<li>Jus de pomme, orange ou tomate (20 cl) : 3,30 \u20ac<\/li>\n<\/ul>\n<p><em>Bi\u00e8res en pression :<\/em><\/p>\n<ul>\n<li>Bi\u00e8re pression M\u00e9t\u00e9or (25 cl) : 3 \u20ac<\/li>\n<li>Bi\u00e8re de saison (25 cl) : 4 \u20ac<\/li>\n<\/ul>\n<p><em>Bi\u00e8res en bouteille :<\/em><\/p>\n<ul>\n<li>Bi\u00e8re indienne (33 cl) : 5,50 \u20ac<\/li>\n<\/ul>\n<p>[\/vc_column_text][vc_empty_space height=\u00a0\u00bb50px\u00a0\u00bb]<div class=\"mkdf-section-title-holder  mkdf-st-standard mkdf-st-title-left mkdf-st-normal-space \" >\n\t<div class=\"mkdf-st-inner\">\n\t\t\t\t\t<h2 class=\"mkdf-st-title\" >\n\t\t\t\tNos Vins Indiens\t\t\t<\/h2>\n\t\t    <span class=\"mkdf-st-line\" ><\/span>\n    <div class=\"mkdf-st-text\" >\n            <\/div>\n\t<\/div>\n<\/div>[vc_column_text]Rouge, Syrah : 31 \u20ac<br \/>\nRos\u00e9, Zinfandel : 31 \u20ac<br \/>\nBlanc, Chenin : 31 \u20ac<br \/>\nBlanc, Sauvignon : 31 \u20ac[\/vc_column_text][vc_empty_space height=\u00a0\u00bb50px\u00a0\u00bb]<div class=\"mkdf-section-title-holder  mkdf-st-standard mkdf-st-title-left mkdf-st-normal-space \" >\n\t<div class=\"mkdf-st-inner\">\n\t\t\t\t\t<h5 class=\"mkdf-st-title\" >\n\t\t\t\tBoissons chaudes\t\t\t<\/h5>\n\t\t    <span class=\"mkdf-st-line\" style=\"margin: 10px 0 0 0; height: 20px\"><\/span>\n    <div class=\"mkdf-st-text\" >\n            <\/div>\n\t<\/div>\n<\/div>[vc_column_text]<\/p>\n<div class=\"\">\n<div class=\"\">\n<ul>\n<li>Expresso BIO : 2,30 \u20ac<\/li>\n<li>Double expresso : 4,20 \u20ac<\/li>\n<li>Cappuccino : 4,40 \u20ac<\/li>\n<li>Th\u00e9 ou infusion : 3,50 \u20ac<\/li>\n<li>Th\u00e9 indien avec OU sans lait (Cha\u00ef) : 4,50 \u20ac<\/li>\n<\/ul>\n<\/div>\n<\/div>\n<p>[\/vc_column_text][vc_empty_space height=\u00a0\u00bb120px\u00a0\u00bb]<div class=\"mkdf-section-title-holder  mkdf-st-standard mkdf-st-title-left mkdf-st-normal-space \" >\n\t<div class=\"mkdf-st-inner\">\n\t\t\t\t\t<h5 class=\"mkdf-st-title\" >\n\t\t\t\tDigestifs\t\t\t<\/h5>\n\t\t    <span class=\"mkdf-st-line\" style=\"margin: 10px 0 0 0; height: 20px\"><\/span>\n    <div class=\"mkdf-st-text\" >\n            <\/div>\n\t<\/div>\n<\/div>[vc_column_text]<\/p>\n<div class=\"\">\n<div class=\"\">\n<ul>\n<li>Digestifs (4 cl) : 7 \u20ac<br \/>\n<em>Liqueur de Gingembre<\/em><br \/>\n<em><em>Liqueur de Cardamome<\/em><\/em>&nbsp;<\/li>\n<\/ul>\n<\/div>\n<\/div>\n<p>[\/vc_column_text][vc_empty_space]\t\t<\/div>\n\t<\/div>\n<\/div><\/div>[\/vc_column_inner][vc_column_inner width=\u00a0\u00bb1\/2&Prime; offset=\u00a0\u00bbvc_col-lg-6 vc_hidden-sm vc_hidden-xs\u00a0\u00bb][\/vc_column_inner][\/vc_row_inner][\/vc_column][\/vc_row]<\/p>\n","protected":false},"excerpt":{"rendered":"<p>[vc_row full_height=\u00a0\u00bbyes\u00a0\u00bb parallax_background_image=\u00a0\u00bb4024&Prime; parallax_bg_speed=\u00a0\u00bb0&Prime;][vc_column][vc_row_inner row_content_width=\u00a0\u00bbgrid\u00a0\u00bb][vc_column_inner css=\u00a0\u00bb.vc_custom_1533285714962{padding-right: 0px !important;padding-left: 0px !important;}\u00a0\u00bb offset=\u00a0\u00bbvc_col-lg-6 vc_col-md-8&Prime;][\/vc_column_inner][vc_column_inner width=\u00a0\u00bb1\/2&Prime; offset=\u00a0\u00bbvc_col-lg-6 vc_hidden-sm vc_hidden-xs\u00a0\u00bb][\/vc_column_inner][\/vc_row_inner][\/vc_column][\/vc_row]<\/p>\n","protected":false},"author":1,"featured_media":0,"parent":0,"menu_order":0,"comment_status":"closed","ping_status":"closed","template":"full-width.php","meta":{"inline_featured_image":false},"yoast_head":"<!-- This site is optimized with the Yoast SEO plugin v18.1 - https:\/\/yoast.com\/wordpress\/plugins\/seo\/ -->\n<title>Nos boissons - Restaurant La Plume<\/title>\n<meta name=\"robots\" content=\"index, follow, max-snippet:-1, max-image-preview:large, max-video-preview:-1\" \/>\n<link rel=\"canonical\" href=\"https:\/\/restaurant-la-plume.fr\/?page_id=3493\" \/>\n<meta property=\"og:locale\" content=\"fr_FR\" \/>\n<meta property=\"og:type\" content=\"article\" \/>\n<meta property=\"og:title\" content=\"Nos boissons - Restaurant La Plume\" \/>\n<meta property=\"og:description\" content=\"[vc_row full_height=\u00a0\u00bbyes\u00a0\u00bb parallax_background_image=\u00a0\u00bb4024&Prime; parallax_bg_speed=\u00a0\u00bb0&Prime;][vc_column][vc_row_inner row_content_width=\u00a0\u00bbgrid\u00a0\u00bb][vc_column_inner css=\u00a0\u00bb.vc_custom_1533285714962{padding-right: 0px !important;padding-left: 0px !important;}\u00a0\u00bb offset=\u00a0\u00bbvc_col-lg-6 vc_col-md-8&Prime;][\/vc_column_inner][vc_column_inner width=\u00a0\u00bb1\/2&Prime; offset=\u00a0\u00bbvc_col-lg-6 vc_hidden-sm vc_hidden-xs\u00a0\u00bb][\/vc_column_inner][\/vc_row_inner][\/vc_column][\/vc_row]\" \/>\n<meta property=\"og:url\" content=\"https:\/\/restaurant-la-plume.fr\/?page_id=3493\" \/>\n<meta property=\"og:site_name\" content=\"Restaurant La Plume\" \/>\n<meta property=\"article:modified_time\" content=\"2023-04-18T14:21:19+00:00\" \/>\n<meta name=\"twitter:card\" content=\"summary_large_image\" \/>\n<meta name=\"twitter:label1\" content=\"Dur\u00e9e de lecture estim\u00e9e\" \/>\n\t<meta name=\"twitter:data1\" content=\"3 minutes\" \/>\n<script type=\"application\/ld+json\" class=\"yoast-schema-graph\">{\"@context\":\"https:\/\/schema.org\",\"@graph\":[{\"@type\":\"WebSite\",\"@id\":\"https:\/\/restaurant-la-plume.fr\/#website\",\"url\":\"https:\/\/restaurant-la-plume.fr\/\",\"name\":\"Restaurant La Plume\",\"description\":\"Sp\u00e9cialit\u00e9s indiennes\",\"potentialAction\":[{\"@type\":\"SearchAction\",\"target\":{\"@type\":\"EntryPoint\",\"urlTemplate\":\"https:\/\/restaurant-la-plume.fr\/?s={search_term_string}\"},\"query-input\":\"required name=search_term_string\"}],\"inLanguage\":\"fr-FR\"},{\"@type\":\"WebPage\",\"@id\":\"https:\/\/restaurant-la-plume.fr\/?page_id=3493#webpage\",\"url\":\"https:\/\/restaurant-la-plume.fr\/?page_id=3493\",\"name\":\"Nos boissons - Restaurant La Plume\",\"isPartOf\":{\"@id\":\"https:\/\/restaurant-la-plume.fr\/#website\"},\"datePublished\":\"2022-01-18T09:46:05+00:00\",\"dateModified\":\"2023-04-18T14:21:19+00:00\",\"breadcrumb\":{\"@id\":\"https:\/\/restaurant-la-plume.fr\/?page_id=3493#breadcrumb\"},\"inLanguage\":\"fr-FR\",\"potentialAction\":[{\"@type\":\"ReadAction\",\"target\":[\"https:\/\/restaurant-la-plume.fr\/?page_id=3493\"]}]},{\"@type\":\"BreadcrumbList\",\"@id\":\"https:\/\/restaurant-la-plume.fr\/?page_id=3493#breadcrumb\",\"itemListElement\":[{\"@type\":\"ListItem\",\"position\":1,\"name\":\"Accueil\",\"item\":\"https:\/\/restaurant-la-plume.fr\/\"},{\"@type\":\"ListItem\",\"position\":2,\"name\":\"Nos boissons\"}]}]}<\/script>\n<!-- \/ Yoast SEO plugin. -->","yoast_head_json":{"title":"Nos boissons - Restaurant La Plume","robots":{"index":"index","follow":"follow","max-snippet":"max-snippet:-1","max-image-preview":"max-image-preview:large","max-video-preview":"max-video-preview:-1"},"canonical":"https:\/\/restaurant-la-plume.fr\/?page_id=3493","og_locale":"fr_FR","og_type":"article","og_title":"Nos boissons - Restaurant La Plume","og_description":"[vc_row full_height=\u00a0\u00bbyes\u00a0\u00bb parallax_background_image=\u00a0\u00bb4024&Prime; parallax_bg_speed=\u00a0\u00bb0&Prime;][vc_column][vc_row_inner row_content_width=\u00a0\u00bbgrid\u00a0\u00bb][vc_column_inner css=\u00a0\u00bb.vc_custom_1533285714962{padding-right: 0px !important;padding-left: 0px !important;}\u00a0\u00bb offset=\u00a0\u00bbvc_col-lg-6 vc_col-md-8&Prime;][\/vc_column_inner][vc_column_inner width=\u00a0\u00bb1\/2&Prime; offset=\u00a0\u00bbvc_col-lg-6 vc_hidden-sm vc_hidden-xs\u00a0\u00bb][\/vc_column_inner][\/vc_row_inner][\/vc_column][\/vc_row]","og_url":"https:\/\/restaurant-la-plume.fr\/?page_id=3493","og_site_name":"Restaurant La Plume","article_modified_time":"2023-04-18T14:21:19+00:00","twitter_card":"summary_large_image","twitter_misc":{"Dur\u00e9e de lecture estim\u00e9e":"3 minutes"},"schema":{"@context":"https:\/\/schema.org","@graph":[{"@type":"WebSite","@id":"https:\/\/restaurant-la-plume.fr\/#website","url":"https:\/\/restaurant-la-plume.fr\/","name":"Restaurant La Plume","description":"Sp\u00e9cialit\u00e9s indiennes","potentialAction":[{"@type":"SearchAction","target":{"@type":"EntryPoint","urlTemplate":"https:\/\/restaurant-la-plume.fr\/?s={search_term_string}"},"query-input":"required name=search_term_string"}],"inLanguage":"fr-FR"},{"@type":"WebPage","@id":"https:\/\/restaurant-la-plume.fr\/?page_id=3493#webpage","url":"https:\/\/restaurant-la-plume.fr\/?page_id=3493","name":"Nos boissons - Restaurant La Plume","isPartOf":{"@id":"https:\/\/restaurant-la-plume.fr\/#website"},"datePublished":"2022-01-18T09:46:05+00:00","dateModified":"2023-04-18T14:21:19+00:00","breadcrumb":{"@id":"https:\/\/restaurant-la-plume.fr\/?page_id=3493#breadcrumb"},"inLanguage":"fr-FR","potentialAction":[{"@type":"ReadAction","target":["https:\/\/restaurant-la-plume.fr\/?page_id=3493"]}]},{"@type":"BreadcrumbList","@id":"https:\/\/restaurant-la-plume.fr\/?page_id=3493#breadcrumb","itemListElement":[{"@type":"ListItem","position":1,"name":"Accueil","item":"https:\/\/restaurant-la-plume.fr\/"},{"@type":"ListItem","position":2,"name":"Nos boissons"}]}]}},"_links":{"self":[{"href":"https:\/\/restaurant-la-plume.fr\/index.php?rest_route=\/wp\/v2\/pages\/3493"}],"collection":[{"href":"https:\/\/restaurant-la-plume.fr\/index.php?rest_route=\/wp\/v2\/pages"}],"about":[{"href":"https:\/\/restaurant-la-plume.fr\/index.php?rest_route=\/wp\/v2\/types\/page"}],"author":[{"embeddable":true,"href":"https:\/\/restaurant-la-plume.fr\/index.php?rest_route=\/wp\/v2\/users\/1"}],"replies":[{"embeddable":true,"href":"https:\/\/restaurant-la-plume.fr\/index.php?rest_route=%2Fwp%2Fv2%2Fcomments&post=3493"}],"version-history":[{"count":27,"href":"https:\/\/restaurant-la-plume.fr\/index.php?rest_route=\/wp\/v2\/pages\/3493\/revisions"}],"predecessor-version":[{"id":5204,"href":"https:\/\/restaurant-la-plume.fr\/index.php?rest_route=\/wp\/v2\/pages\/3493\/revisions\/5204"}],"wp:attachment":[{"href":"https:\/\/restaurant-la-plume.fr\/index.php?rest_route=%2Fwp%2Fv2%2Fmedia&parent=3493"}],"curies":[{"name":"wp","href":"https:\/\/api.w.org\/{rel}","templated":true}]}}