{"id":2174,"date":"2018-08-27T11:04:13","date_gmt":"2018-08-27T11:04:13","guid":{"rendered":"https:\/\/attika.qodeinteractive.com\/?page_id=2174"},"modified":"2023-02-09T16:32:07","modified_gmt":"2023-02-09T15:32:07","slug":"reservation","status":"publish","type":"page","link":"https:\/\/restaurant-la-plume.fr\/?page_id=2174","title":{"rendered":"Reservation"},"content":{"rendered":"<p>[vc_row row_content_width=\u00a0\u00bbgrid\u00a0\u00bb][vc_column][vc_column_text]<\/p>\n<h3>Nous prendrons rapidement contact avec vous pour confirmer votre r\u00e9servation.<\/h3>\n<p>(Pensez \u00e0 v\u00e9rifier vos SPAMS ou courrier ind\u00e9sirable pour la confirmation de la r\u00e9servation ou le cas \u00e9ch\u00e9ant, merci de confirmer votre r\u00e9servation au 0788823281)[\/vc_column_text][\/vc_column][\/vc_row][vc_row][vc_column css_animation=\u00a0\u00bbfadeInLeft\u00a0\u00bb css=\u00a0\u00bb.vc_custom_1645712731455{margin-top: 50px !important;}\u00a0\u00bb][vc_single_image image=\u00a0\u00bb4032&Prime; img_size=\u00a0\u00bbfull\u00a0\u00bb alignment=\u00a0\u00bbcenter\u00a0\u00bb][\/vc_column][\/vc_row][vc_row][vc_column][vc_empty_space height=\u00a0\u00bb60px\u00a0\u00bb][vc_column_text el_class=\u00a0\u00bbconditionsreservation\u00a0\u00bb]<strong>VENTE \u00c0 EMPORTER<\/strong><\/p>\n<p>Le restaurant La Plume vous offre la possibilit\u00e9 d\u2019emporter ses mets indiens afin de les appr\u00e9cier chez vous.<br \/>\nFacile,\u00a0rapide\u00a0et efficace, vous\u00a0commandez\u00a0par t\u00e9l\u00e9phone\u00a0au : <strong><a style=\"color: #916808;\" href=\"tel:+33388978436\">03\u00a088\u00a097\u00a084\u00a036<\/a><\/strong>\u00a0(le cas \u00e9ch\u00e9ant 07 88 82 32 81) puis repartez avec votre commande. Tous nos plats, entr\u00e9es et autres lassies sont disponibles.<br \/>\nNos\u00a0plats\u00a0sont\u00a0pr\u00e9par\u00e9s \u00e0 la minute et donc \u00e0 la convenance de nos clients puis emball\u00e9s pour qu&rsquo;ils ne perdent rien de leur saveurs et de leur chaleur.<br \/>\nN&rsquo;h\u00e9sitez plus, laissez vous tenter par des samosas \u201cmaison\u201d ou un poulet tikka massala et passez les r\u00e9cup\u00e9rer !<\/p>\n<p><em><strong>Merci de commander les plats \u00e0 emporter suffisamment \u00e0 l&rsquo;avance pour \u00e9viter de longs d\u00e9lais d&rsquo;attente.<\/strong><\/em><\/p>\n<p>&nbsp;<\/p>\n<p><strong>SUR PLACE<br \/>\nAfin de vous offrir le meilleur des services, nous vous invitons \u00e0 r\u00e9server votre table :<\/strong>[\/vc_column_text][\/vc_column][\/vc_row][vc_row row_content_width=\u00a0\u00bbgrid\u00a0\u00bb][vc_column][\/vc_column][\/vc_row][vc_row][vc_column][vc_empty_space height=\u00a0\u00bb60px\u00a0\u00bb][\/vc_column][\/vc_row]<\/p>\n","protected":false},"excerpt":{"rendered":"<p>[vc_row row_content_width=\u00a0\u00bbgrid\u00a0\u00bb][vc_column][vc_column_text] Nous prendrons rapidement contact avec vous pour confirmer votre r\u00e9servation. (Pensez \u00e0 v\u00e9rifier vos SPAMS ou courrier ind\u00e9sirable pour la confirmation de la r\u00e9servation ou le cas \u00e9ch\u00e9ant, merci de confirmer votre r\u00e9servation au 0788823281)[\/vc_column_text][\/vc_column][\/vc_row][vc_row][vc_column css_animation=\u00a0\u00bbfadeInLeft\u00a0\u00bb css=\u00a0\u00bb.vc_custom_1645712731455{margin-top: 50px [&hellip;]<\/p>\n","protected":false},"author":1,"featured_media":0,"parent":52,"menu_order":0,"comment_status":"closed","ping_status":"closed","template":"full-width.php","meta":{"inline_featured_image":false},"yoast_head":"<!-- This site is optimized with the Yoast SEO plugin v18.1 - https:\/\/yoast.com\/wordpress\/plugins\/seo\/ -->\n<title>Reservation - Restaurant La Plume<\/title>\n<meta name=\"robots\" content=\"index, follow, max-snippet:-1, max-image-preview:large, max-video-preview:-1\" \/>\n<link rel=\"canonical\" href=\"https:\/\/restaurant-la-plume.fr\/?page_id=2174\" \/>\n<meta property=\"og:locale\" content=\"fr_FR\" \/>\n<meta property=\"og:type\" content=\"article\" \/>\n<meta property=\"og:title\" content=\"Reservation - Restaurant La Plume\" \/>\n<meta property=\"og:description\" content=\"[vc_row row_content_width=\u00a0\u00bbgrid\u00a0\u00bb][vc_column][vc_column_text] Nous prendrons rapidement contact avec vous pour confirmer votre r\u00e9servation. (Pensez \u00e0 v\u00e9rifier vos SPAMS ou courrier ind\u00e9sirable pour la confirmation de la r\u00e9servation ou le cas \u00e9ch\u00e9ant, merci de confirmer votre r\u00e9servation au 0788823281)[\/vc_column_text][\/vc_column][\/vc_row][vc_row][vc_column css_animation=\u00a0\u00bbfadeInLeft\u00a0\u00bb css=\u00a0\u00bb.vc_custom_1645712731455{margin-top: 50px [&hellip;]\" \/>\n<meta property=\"og:url\" content=\"https:\/\/restaurant-la-plume.fr\/?page_id=2174\" \/>\n<meta property=\"og:site_name\" content=\"Restaurant La Plume\" \/>\n<meta property=\"article:modified_time\" content=\"2023-02-09T15:32:07+00:00\" \/>\n<meta name=\"twitter:card\" content=\"summary_large_image\" \/>\n<meta name=\"twitter:label1\" content=\"Dur\u00e9e de lecture estim\u00e9e\" \/>\n\t<meta name=\"twitter:data1\" content=\"1 minute\" \/>\n<script type=\"application\/ld+json\" class=\"yoast-schema-graph\">{\"@context\":\"https:\/\/schema.org\",\"@graph\":[{\"@type\":\"WebSite\",\"@id\":\"https:\/\/restaurant-la-plume.fr\/#website\",\"url\":\"https:\/\/restaurant-la-plume.fr\/\",\"name\":\"Restaurant La Plume\",\"description\":\"Sp\u00e9cialit\u00e9s indiennes\",\"potentialAction\":[{\"@type\":\"SearchAction\",\"target\":{\"@type\":\"EntryPoint\",\"urlTemplate\":\"https:\/\/restaurant-la-plume.fr\/?s={search_term_string}\"},\"query-input\":\"required name=search_term_string\"}],\"inLanguage\":\"fr-FR\"},{\"@type\":\"WebPage\",\"@id\":\"https:\/\/restaurant-la-plume.fr\/?page_id=2174#webpage\",\"url\":\"https:\/\/restaurant-la-plume.fr\/?page_id=2174\",\"name\":\"Reservation - Restaurant La Plume\",\"isPartOf\":{\"@id\":\"https:\/\/restaurant-la-plume.fr\/#website\"},\"datePublished\":\"2018-08-27T11:04:13+00:00\",\"dateModified\":\"2023-02-09T15:32:07+00:00\",\"breadcrumb\":{\"@id\":\"https:\/\/restaurant-la-plume.fr\/?page_id=2174#breadcrumb\"},\"inLanguage\":\"fr-FR\",\"potentialAction\":[{\"@type\":\"ReadAction\",\"target\":[\"https:\/\/restaurant-la-plume.fr\/?page_id=2174\"]}]},{\"@type\":\"BreadcrumbList\",\"@id\":\"https:\/\/restaurant-la-plume.fr\/?page_id=2174#breadcrumb\",\"itemListElement\":[{\"@type\":\"ListItem\",\"position\":1,\"name\":\"Accueil\",\"item\":\"https:\/\/restaurant-la-plume.fr\/\"},{\"@type\":\"ListItem\",\"position\":2,\"name\":\"Elements\",\"item\":\"https:\/\/restaurant-la-plume.fr\/?page_id=52\"},{\"@type\":\"ListItem\",\"position\":3,\"name\":\"Reservation\"}]}]}<\/script>\n<!-- \/ Yoast SEO plugin. -->","yoast_head_json":{"title":"Reservation - Restaurant La Plume","robots":{"index":"index","follow":"follow","max-snippet":"max-snippet:-1","max-image-preview":"max-image-preview:large","max-video-preview":"max-video-preview:-1"},"canonical":"https:\/\/restaurant-la-plume.fr\/?page_id=2174","og_locale":"fr_FR","og_type":"article","og_title":"Reservation - Restaurant La Plume","og_description":"[vc_row row_content_width=\u00a0\u00bbgrid\u00a0\u00bb][vc_column][vc_column_text] Nous prendrons rapidement contact avec vous pour confirmer votre r\u00e9servation. (Pensez \u00e0 v\u00e9rifier vos SPAMS ou courrier ind\u00e9sirable pour la confirmation de la r\u00e9servation ou le cas \u00e9ch\u00e9ant, merci de confirmer votre r\u00e9servation au 0788823281)[\/vc_column_text][\/vc_column][\/vc_row][vc_row][vc_column css_animation=\u00a0\u00bbfadeInLeft\u00a0\u00bb css=\u00a0\u00bb.vc_custom_1645712731455{margin-top: 50px [&hellip;]","og_url":"https:\/\/restaurant-la-plume.fr\/?page_id=2174","og_site_name":"Restaurant La Plume","article_modified_time":"2023-02-09T15:32:07+00:00","twitter_card":"summary_large_image","twitter_misc":{"Dur\u00e9e de lecture estim\u00e9e":"1 minute"},"schema":{"@context":"https:\/\/schema.org","@graph":[{"@type":"WebSite","@id":"https:\/\/restaurant-la-plume.fr\/#website","url":"https:\/\/restaurant-la-plume.fr\/","name":"Restaurant La Plume","description":"Sp\u00e9cialit\u00e9s indiennes","potentialAction":[{"@type":"SearchAction","target":{"@type":"EntryPoint","urlTemplate":"https:\/\/restaurant-la-plume.fr\/?s={search_term_string}"},"query-input":"required name=search_term_string"}],"inLanguage":"fr-FR"},{"@type":"WebPage","@id":"https:\/\/restaurant-la-plume.fr\/?page_id=2174#webpage","url":"https:\/\/restaurant-la-plume.fr\/?page_id=2174","name":"Reservation - Restaurant La Plume","isPartOf":{"@id":"https:\/\/restaurant-la-plume.fr\/#website"},"datePublished":"2018-08-27T11:04:13+00:00","dateModified":"2023-02-09T15:32:07+00:00","breadcrumb":{"@id":"https:\/\/restaurant-la-plume.fr\/?page_id=2174#breadcrumb"},"inLanguage":"fr-FR","potentialAction":[{"@type":"ReadAction","target":["https:\/\/restaurant-la-plume.fr\/?page_id=2174"]}]},{"@type":"BreadcrumbList","@id":"https:\/\/restaurant-la-plume.fr\/?page_id=2174#breadcrumb","itemListElement":[{"@type":"ListItem","position":1,"name":"Accueil","item":"https:\/\/restaurant-la-plume.fr\/"},{"@type":"ListItem","position":2,"name":"Elements","item":"https:\/\/restaurant-la-plume.fr\/?page_id=52"},{"@type":"ListItem","position":3,"name":"Reservation"}]}]}},"_links":{"self":[{"href":"https:\/\/restaurant-la-plume.fr\/index.php?rest_route=\/wp\/v2\/pages\/2174"}],"collection":[{"href":"https:\/\/restaurant-la-plume.fr\/index.php?rest_route=\/wp\/v2\/pages"}],"about":[{"href":"https:\/\/restaurant-la-plume.fr\/index.php?rest_route=\/wp\/v2\/types\/page"}],"author":[{"embeddable":true,"href":"https:\/\/restaurant-la-plume.fr\/index.php?rest_route=\/wp\/v2\/users\/1"}],"replies":[{"embeddable":true,"href":"https:\/\/restaurant-la-plume.fr\/index.php?rest_route=%2Fwp%2Fv2%2Fcomments&post=2174"}],"version-history":[{"count":27,"href":"https:\/\/restaurant-la-plume.fr\/index.php?rest_route=\/wp\/v2\/pages\/2174\/revisions"}],"predecessor-version":[{"id":3827,"href":"https:\/\/restaurant-la-plume.fr\/index.php?rest_route=\/wp\/v2\/pages\/2174\/revisions\/3827"}],"up":[{"embeddable":true,"href":"https:\/\/restaurant-la-plume.fr\/index.php?rest_route=\/wp\/v2\/pages\/52"}],"wp:attachment":[{"href":"https:\/\/restaurant-la-plume.fr\/index.php?rest_route=%2Fwp%2Fv2%2Fmedia&parent=2174"}],"curies":[{"name":"wp","href":"https:\/\/api.w.org\/{rel}","templated":true}]}}