{"id":1650,"date":"2022-01-26T19:03:07","date_gmt":"2022-01-26T18:03:07","guid":{"rendered":"https:\/\/attika.qodeinteractive.com\/?page_id=1650"},"modified":"2022-02-24T15:26:09","modified_gmt":"2022-02-24T14:26:09","slug":"galerie","status":"publish","type":"page","link":"https:\/\/restaurant-la-plume.fr\/?page_id=1650","title":{"rendered":"Galerie"},"content":{"rendered":"<p>[vc_row row_content_width=\u00a0\u00bbgrid\u00a0\u00bb][vc_column][vc_column_text]<\/p>\n<h3 style=\"text-align: left;\">Envie de voyager \u00e0 l&rsquo;autre bout du monde le temps d&rsquo;un repas ?<\/h3>\n<p>[\/vc_column_text][vc_empty_space height=\u00a0\u00bb30px\u00a0\u00bb][vc_column_text]Dans notre restaurant vous sera propos\u00e9 un vaste choix de mets qui sauront mettre vos sens en \u00e9veil en vous faisant d\u00e9couvrir de nouvelles saveurs venues d&rsquo;Orient.<\/p>\n<p>Le restaurant La Plume est spacieux, il propose deux grandes salles chics avec des tables espac\u00e9es et napp\u00e9es.<\/p>\n<p>Situ\u00e9 \u00e0 Molsheim au 55 rue de Saverne, non loin du centre ville, nous proposons \u00e9galement un service \u00e0 emporter de nos plats traditionnels indiens v\u00e9g\u00e9tariens ou non v\u00e9g\u00e9tariens.[\/vc_column_text][vc_empty_space height=\u00a0\u00bb70px\u00a0\u00bb][\/vc_column][\/vc_row][vc_row][vc_column css_animation=\u00a0\u00bbfadeInLeft\u00a0\u00bb]<div class=\"mkdf-image-gallery mkdf-grid-list mkdf-grid-masonry-list mkdf-disable-bottom-space  mkdf-ig-masonry-type mkdf-four-columns mkdf-normal-space  \">\n\t<div class=\"mkdf-ig-inner mkdf-outer-space mkdf-masonry-list-wrapper\">\n\t\t<div class=\"mkdf-masonry-grid-sizer\"><\/div>\n\t\t<div class=\"mkdf-masonry-grid-gutter\"><\/div>\n\t\t\t\t\t\t\t\t<div class=\"mkdf-ig-image mkdf-item-space mkdf-fixed-masonry-item mkdf-masonry-size-large-width-height\">\n\t\t\t\t<div class=\"mkdf-ig-image-inner\">\n\t\t\t\t\t\t\t\t\t\t\t<img width=\"1024\" height=\"1024\" src=\"https:\/\/restaurant-la-plume.fr\/wp-content\/uploads\/2022\/01\/Galerie_3_1024x1024.jpg\" class=\"attachment-full size-full\" alt=\"\" loading=\"lazy\" srcset=\"https:\/\/restaurant-la-plume.fr\/wp-content\/uploads\/2022\/01\/Galerie_3_1024x1024.jpg 1024w, https:\/\/restaurant-la-plume.fr\/wp-content\/uploads\/2022\/01\/Galerie_3_1024x1024-300x300.jpg 300w, https:\/\/restaurant-la-plume.fr\/wp-content\/uploads\/2022\/01\/Galerie_3_1024x1024-150x150.jpg 150w, https:\/\/restaurant-la-plume.fr\/wp-content\/uploads\/2022\/01\/Galerie_3_1024x1024-768x768.jpg 768w, https:\/\/restaurant-la-plume.fr\/wp-content\/uploads\/2022\/01\/Galerie_3_1024x1024-200x200.jpg 200w, https:\/\/restaurant-la-plume.fr\/wp-content\/uploads\/2022\/01\/Galerie_3_1024x1024-650x650.jpg 650w\" sizes=\"(max-width: 1024px) 100vw, 1024px\" \/>\t\t\t\t\t\t\t\t\t<\/div>\n\t\t\t<\/div>\n\t\t\t\t\t\t\t\t<div class=\"mkdf-ig-image mkdf-item-space mkdf-fixed-masonry-item mkdf-masonry-size-large-width\">\n\t\t\t\t<div class=\"mkdf-ig-image-inner\">\n\t\t\t\t\t\t\t\t\t\t\t<img width=\"1024\" height=\"512\" src=\"https:\/\/restaurant-la-plume.fr\/wp-content\/uploads\/2022\/01\/Galerie_4_1024x512.jpg\" class=\"attachment-attika_mikado_image_landscape size-attika_mikado_image_landscape\" alt=\"\" loading=\"lazy\" srcset=\"https:\/\/restaurant-la-plume.fr\/wp-content\/uploads\/2022\/01\/Galerie_4_1024x512.jpg 1024w, https:\/\/restaurant-la-plume.fr\/wp-content\/uploads\/2022\/01\/Galerie_4_1024x512-300x150.jpg 300w, https:\/\/restaurant-la-plume.fr\/wp-content\/uploads\/2022\/01\/Galerie_4_1024x512-768x384.jpg 768w, https:\/\/restaurant-la-plume.fr\/wp-content\/uploads\/2022\/01\/Galerie_4_1024x512-200x100.jpg 200w\" sizes=\"(max-width: 1024px) 100vw, 1024px\" \/>\t\t\t\t\t\t\t\t\t<\/div>\n\t\t\t<\/div>\n\t\t\t\t\t\t\t\t<div class=\"mkdf-ig-image mkdf-item-space \">\n\t\t\t\t<div class=\"mkdf-ig-image-inner\">\n\t\t\t\t\t\t\t\t\t\t\t<img width=\"1024\" height=\"1024\" src=\"https:\/\/restaurant-la-plume.fr\/wp-content\/uploads\/2022\/01\/Galerie_5_1024x1024.jpg\" class=\"attachment-full size-full\" alt=\"\" loading=\"lazy\" srcset=\"https:\/\/restaurant-la-plume.fr\/wp-content\/uploads\/2022\/01\/Galerie_5_1024x1024.jpg 1024w, https:\/\/restaurant-la-plume.fr\/wp-content\/uploads\/2022\/01\/Galerie_5_1024x1024-300x300.jpg 300w, https:\/\/restaurant-la-plume.fr\/wp-content\/uploads\/2022\/01\/Galerie_5_1024x1024-150x150.jpg 150w, https:\/\/restaurant-la-plume.fr\/wp-content\/uploads\/2022\/01\/Galerie_5_1024x1024-768x768.jpg 768w, https:\/\/restaurant-la-plume.fr\/wp-content\/uploads\/2022\/01\/Galerie_5_1024x1024-200x200.jpg 200w, https:\/\/restaurant-la-plume.fr\/wp-content\/uploads\/2022\/01\/Galerie_5_1024x1024-650x650.jpg 650w\" sizes=\"(max-width: 1024px) 100vw, 1024px\" \/>\t\t\t\t\t\t\t\t\t<\/div>\n\t\t\t<\/div>\n\t\t\t\t\t\t\t\t<div class=\"mkdf-ig-image mkdf-item-space \">\n\t\t\t\t<div class=\"mkdf-ig-image-inner\">\n\t\t\t\t\t\t\t\t\t\t\t<img width=\"1024\" height=\"1024\" src=\"https:\/\/restaurant-la-plume.fr\/wp-content\/uploads\/2022\/01\/Galerie_7_1024x1024.jpg\" class=\"attachment-full size-full\" alt=\"\" loading=\"lazy\" srcset=\"https:\/\/restaurant-la-plume.fr\/wp-content\/uploads\/2022\/01\/Galerie_7_1024x1024.jpg 1024w, https:\/\/restaurant-la-plume.fr\/wp-content\/uploads\/2022\/01\/Galerie_7_1024x1024-300x300.jpg 300w, https:\/\/restaurant-la-plume.fr\/wp-content\/uploads\/2022\/01\/Galerie_7_1024x1024-150x150.jpg 150w, https:\/\/restaurant-la-plume.fr\/wp-content\/uploads\/2022\/01\/Galerie_7_1024x1024-768x768.jpg 768w, https:\/\/restaurant-la-plume.fr\/wp-content\/uploads\/2022\/01\/Galerie_7_1024x1024-200x200.jpg 200w, https:\/\/restaurant-la-plume.fr\/wp-content\/uploads\/2022\/01\/Galerie_7_1024x1024-650x650.jpg 650w\" sizes=\"(max-width: 1024px) 100vw, 1024px\" \/>\t\t\t\t\t\t\t\t\t<\/div>\n\t\t\t<\/div>\n\t\t\t<\/div>\n<\/div>[\/vc_column][\/vc_row][vc_row css=\u00a0\u00bb.vc_custom_1534518584017{padding-top: 30px !important;}\u00a0\u00bb][vc_column css_animation=\u00a0\u00bbfadeInRight\u00a0\u00bb]<div class=\"mkdf-image-gallery mkdf-grid-list mkdf-grid-masonry-list mkdf-disable-bottom-space  mkdf-ig-masonry-type mkdf-four-columns mkdf-normal-space  \">\n\t<div class=\"mkdf-ig-inner mkdf-outer-space mkdf-masonry-list-wrapper\">\n\t\t<div class=\"mkdf-masonry-grid-sizer\"><\/div>\n\t\t<div class=\"mkdf-masonry-grid-gutter\"><\/div>\n\t\t\t\t\t\t\t\t<div class=\"mkdf-ig-image mkdf-item-space \">\n\t\t\t\t<div class=\"mkdf-ig-image-inner\">\n\t\t\t\t\t\t\t\t\t\t\t<img width=\"1024\" height=\"1024\" src=\"https:\/\/restaurant-la-plume.fr\/wp-content\/uploads\/2022\/01\/Galerie_2_1024x1024.jpg\" class=\"attachment-full size-full\" alt=\"\" loading=\"lazy\" srcset=\"https:\/\/restaurant-la-plume.fr\/wp-content\/uploads\/2022\/01\/Galerie_2_1024x1024.jpg 1024w, https:\/\/restaurant-la-plume.fr\/wp-content\/uploads\/2022\/01\/Galerie_2_1024x1024-300x300.jpg 300w, https:\/\/restaurant-la-plume.fr\/wp-content\/uploads\/2022\/01\/Galerie_2_1024x1024-150x150.jpg 150w, https:\/\/restaurant-la-plume.fr\/wp-content\/uploads\/2022\/01\/Galerie_2_1024x1024-768x768.jpg 768w, https:\/\/restaurant-la-plume.fr\/wp-content\/uploads\/2022\/01\/Galerie_2_1024x1024-200x200.jpg 200w, https:\/\/restaurant-la-plume.fr\/wp-content\/uploads\/2022\/01\/Galerie_2_1024x1024-650x650.jpg 650w\" sizes=\"(max-width: 1024px) 100vw, 1024px\" \/>\t\t\t\t\t\t\t\t\t<\/div>\n\t\t\t<\/div>\n\t\t\t\t\t\t\t\t<div class=\"mkdf-ig-image mkdf-item-space mkdf-fixed-masonry-item mkdf-masonry-size-large-height\">\n\t\t\t\t<div class=\"mkdf-ig-image-inner\">\n\t\t\t\t\t\t\t\t\t\t\t<img width=\"550\" height=\"1100\" src=\"https:\/\/restaurant-la-plume.fr\/wp-content\/uploads\/2022\/01\/Galerie_6_512x1024.jpg\" class=\"attachment-attika_mikado_image_portrait size-attika_mikado_image_portrait\" alt=\"\" loading=\"lazy\" srcset=\"https:\/\/restaurant-la-plume.fr\/wp-content\/uploads\/2022\/01\/Galerie_6_512x1024.jpg 550w, https:\/\/restaurant-la-plume.fr\/wp-content\/uploads\/2022\/01\/Galerie_6_512x1024-150x300.jpg 150w, https:\/\/restaurant-la-plume.fr\/wp-content\/uploads\/2022\/01\/Galerie_6_512x1024-512x1024.jpg 512w, https:\/\/restaurant-la-plume.fr\/wp-content\/uploads\/2022\/01\/Galerie_6_512x1024-100x200.jpg 100w\" sizes=\"(max-width: 550px) 100vw, 550px\" \/>\t\t\t\t\t\t\t\t\t<\/div>\n\t\t\t<\/div>\n\t\t\t\t\t\t\t\t<div class=\"mkdf-ig-image mkdf-item-space mkdf-fixed-masonry-item mkdf-masonry-size-large-width-height\">\n\t\t\t\t<div class=\"mkdf-ig-image-inner\">\n\t\t\t\t\t\t\t\t\t\t\t<img width=\"1100\" height=\"1100\" src=\"https:\/\/restaurant-la-plume.fr\/wp-content\/uploads\/2022\/01\/Galerie_9_1024x1024-1.jpg\" class=\"attachment-full size-full\" alt=\"\" loading=\"lazy\" srcset=\"https:\/\/restaurant-la-plume.fr\/wp-content\/uploads\/2022\/01\/Galerie_9_1024x1024-1.jpg 1100w, https:\/\/restaurant-la-plume.fr\/wp-content\/uploads\/2022\/01\/Galerie_9_1024x1024-1-300x300.jpg 300w, https:\/\/restaurant-la-plume.fr\/wp-content\/uploads\/2022\/01\/Galerie_9_1024x1024-1-1024x1024.jpg 1024w, https:\/\/restaurant-la-plume.fr\/wp-content\/uploads\/2022\/01\/Galerie_9_1024x1024-1-150x150.jpg 150w, https:\/\/restaurant-la-plume.fr\/wp-content\/uploads\/2022\/01\/Galerie_9_1024x1024-1-768x768.jpg 768w, https:\/\/restaurant-la-plume.fr\/wp-content\/uploads\/2022\/01\/Galerie_9_1024x1024-1-200x200.jpg 200w, https:\/\/restaurant-la-plume.fr\/wp-content\/uploads\/2022\/01\/Galerie_9_1024x1024-1-650x650.jpg 650w\" sizes=\"(max-width: 1100px) 100vw, 1100px\" \/>\t\t\t\t\t\t\t\t\t<\/div>\n\t\t\t<\/div>\n\t\t\t\t\t\t\t\t<div class=\"mkdf-ig-image mkdf-item-space \">\n\t\t\t\t<div class=\"mkdf-ig-image-inner\">\n\t\t\t\t\t\t\t\t\t\t\t<img width=\"1024\" height=\"1024\" src=\"https:\/\/restaurant-la-plume.fr\/wp-content\/uploads\/2022\/01\/Galerie_8_1024x1024.jpg\" class=\"attachment-full size-full\" alt=\"\" loading=\"lazy\" srcset=\"https:\/\/restaurant-la-plume.fr\/wp-content\/uploads\/2022\/01\/Galerie_8_1024x1024.jpg 1024w, https:\/\/restaurant-la-plume.fr\/wp-content\/uploads\/2022\/01\/Galerie_8_1024x1024-300x300.jpg 300w, https:\/\/restaurant-la-plume.fr\/wp-content\/uploads\/2022\/01\/Galerie_8_1024x1024-150x150.jpg 150w, https:\/\/restaurant-la-plume.fr\/wp-content\/uploads\/2022\/01\/Galerie_8_1024x1024-768x768.jpg 768w, https:\/\/restaurant-la-plume.fr\/wp-content\/uploads\/2022\/01\/Galerie_8_1024x1024-200x200.jpg 200w, https:\/\/restaurant-la-plume.fr\/wp-content\/uploads\/2022\/01\/Galerie_8_1024x1024-650x650.jpg 650w\" sizes=\"(max-width: 1024px) 100vw, 1024px\" \/>\t\t\t\t\t\t\t\t\t<\/div>\n\t\t\t<\/div>\n\t\t\t<\/div>\n<\/div>[\/vc_column][\/vc_row]<\/p>\n","protected":false},"excerpt":{"rendered":"<p>[vc_row row_content_width=\u00a0\u00bbgrid\u00a0\u00bb][vc_column][vc_column_text] Envie de voyager \u00e0 l&rsquo;autre bout du monde le temps d&rsquo;un repas ? [\/vc_column_text][vc_empty_space height=\u00a0\u00bb30px\u00a0\u00bb][vc_column_text]Dans notre restaurant vous sera propos\u00e9 un vaste choix de mets qui sauront mettre vos sens en \u00e9veil en vous faisant d\u00e9couvrir de nouvelles [&hellip;]<\/p>\n","protected":false},"author":1,"featured_media":0,"parent":52,"menu_order":0,"comment_status":"closed","ping_status":"closed","template":"full-width.php","meta":{"inline_featured_image":false},"yoast_head":"<!-- This site is optimized with the Yoast SEO plugin v18.1 - https:\/\/yoast.com\/wordpress\/plugins\/seo\/ -->\n<title>Galerie - Restaurant La Plume<\/title>\n<meta name=\"robots\" content=\"index, follow, max-snippet:-1, max-image-preview:large, max-video-preview:-1\" \/>\n<link rel=\"canonical\" href=\"https:\/\/restaurant-la-plume.fr\/?page_id=1650\" \/>\n<meta property=\"og:locale\" content=\"fr_FR\" \/>\n<meta property=\"og:type\" content=\"article\" \/>\n<meta property=\"og:title\" content=\"Galerie - Restaurant La Plume\" \/>\n<meta property=\"og:description\" content=\"[vc_row row_content_width=\u00a0\u00bbgrid\u00a0\u00bb][vc_column][vc_column_text] Envie de voyager \u00e0 l&rsquo;autre bout du monde le temps d&rsquo;un repas ? [\/vc_column_text][vc_empty_space height=\u00a0\u00bb30px\u00a0\u00bb][vc_column_text]Dans notre restaurant vous sera propos\u00e9 un vaste choix de mets qui sauront mettre vos sens en \u00e9veil en vous faisant d\u00e9couvrir de nouvelles [&hellip;]\" \/>\n<meta property=\"og:url\" content=\"https:\/\/restaurant-la-plume.fr\/?page_id=1650\" \/>\n<meta property=\"og:site_name\" content=\"Restaurant La Plume\" \/>\n<meta property=\"article:modified_time\" content=\"2022-02-24T14:26:09+00:00\" \/>\n<meta name=\"twitter:card\" content=\"summary_large_image\" \/>\n<meta name=\"twitter:label1\" content=\"Dur\u00e9e de lecture estim\u00e9e\" \/>\n\t<meta name=\"twitter:data1\" content=\"1 minute\" \/>\n<script type=\"application\/ld+json\" class=\"yoast-schema-graph\">{\"@context\":\"https:\/\/schema.org\",\"@graph\":[{\"@type\":\"WebSite\",\"@id\":\"https:\/\/restaurant-la-plume.fr\/#website\",\"url\":\"https:\/\/restaurant-la-plume.fr\/\",\"name\":\"Restaurant La Plume\",\"description\":\"Sp\u00e9cialit\u00e9s indiennes\",\"potentialAction\":[{\"@type\":\"SearchAction\",\"target\":{\"@type\":\"EntryPoint\",\"urlTemplate\":\"https:\/\/restaurant-la-plume.fr\/?s={search_term_string}\"},\"query-input\":\"required name=search_term_string\"}],\"inLanguage\":\"fr-FR\"},{\"@type\":\"WebPage\",\"@id\":\"https:\/\/restaurant-la-plume.fr\/?page_id=1650#webpage\",\"url\":\"https:\/\/restaurant-la-plume.fr\/?page_id=1650\",\"name\":\"Galerie - Restaurant La Plume\",\"isPartOf\":{\"@id\":\"https:\/\/restaurant-la-plume.fr\/#website\"},\"datePublished\":\"2022-01-26T18:03:07+00:00\",\"dateModified\":\"2022-02-24T14:26:09+00:00\",\"breadcrumb\":{\"@id\":\"https:\/\/restaurant-la-plume.fr\/?page_id=1650#breadcrumb\"},\"inLanguage\":\"fr-FR\",\"potentialAction\":[{\"@type\":\"ReadAction\",\"target\":[\"https:\/\/restaurant-la-plume.fr\/?page_id=1650\"]}]},{\"@type\":\"BreadcrumbList\",\"@id\":\"https:\/\/restaurant-la-plume.fr\/?page_id=1650#breadcrumb\",\"itemListElement\":[{\"@type\":\"ListItem\",\"position\":1,\"name\":\"Accueil\",\"item\":\"https:\/\/restaurant-la-plume.fr\/\"},{\"@type\":\"ListItem\",\"position\":2,\"name\":\"Elements\",\"item\":\"https:\/\/restaurant-la-plume.fr\/?page_id=52\"},{\"@type\":\"ListItem\",\"position\":3,\"name\":\"Galerie\"}]}]}<\/script>\n<!-- \/ Yoast SEO plugin. -->","yoast_head_json":{"title":"Galerie - Restaurant La Plume","robots":{"index":"index","follow":"follow","max-snippet":"max-snippet:-1","max-image-preview":"max-image-preview:large","max-video-preview":"max-video-preview:-1"},"canonical":"https:\/\/restaurant-la-plume.fr\/?page_id=1650","og_locale":"fr_FR","og_type":"article","og_title":"Galerie - Restaurant La Plume","og_description":"[vc_row row_content_width=\u00a0\u00bbgrid\u00a0\u00bb][vc_column][vc_column_text] Envie de voyager \u00e0 l&rsquo;autre bout du monde le temps d&rsquo;un repas ? [\/vc_column_text][vc_empty_space height=\u00a0\u00bb30px\u00a0\u00bb][vc_column_text]Dans notre restaurant vous sera propos\u00e9 un vaste choix de mets qui sauront mettre vos sens en \u00e9veil en vous faisant d\u00e9couvrir de nouvelles [&hellip;]","og_url":"https:\/\/restaurant-la-plume.fr\/?page_id=1650","og_site_name":"Restaurant La Plume","article_modified_time":"2022-02-24T14:26:09+00:00","twitter_card":"summary_large_image","twitter_misc":{"Dur\u00e9e de lecture estim\u00e9e":"1 minute"},"schema":{"@context":"https:\/\/schema.org","@graph":[{"@type":"WebSite","@id":"https:\/\/restaurant-la-plume.fr\/#website","url":"https:\/\/restaurant-la-plume.fr\/","name":"Restaurant La Plume","description":"Sp\u00e9cialit\u00e9s indiennes","potentialAction":[{"@type":"SearchAction","target":{"@type":"EntryPoint","urlTemplate":"https:\/\/restaurant-la-plume.fr\/?s={search_term_string}"},"query-input":"required name=search_term_string"}],"inLanguage":"fr-FR"},{"@type":"WebPage","@id":"https:\/\/restaurant-la-plume.fr\/?page_id=1650#webpage","url":"https:\/\/restaurant-la-plume.fr\/?page_id=1650","name":"Galerie - Restaurant La Plume","isPartOf":{"@id":"https:\/\/restaurant-la-plume.fr\/#website"},"datePublished":"2022-01-26T18:03:07+00:00","dateModified":"2022-02-24T14:26:09+00:00","breadcrumb":{"@id":"https:\/\/restaurant-la-plume.fr\/?page_id=1650#breadcrumb"},"inLanguage":"fr-FR","potentialAction":[{"@type":"ReadAction","target":["https:\/\/restaurant-la-plume.fr\/?page_id=1650"]}]},{"@type":"BreadcrumbList","@id":"https:\/\/restaurant-la-plume.fr\/?page_id=1650#breadcrumb","itemListElement":[{"@type":"ListItem","position":1,"name":"Accueil","item":"https:\/\/restaurant-la-plume.fr\/"},{"@type":"ListItem","position":2,"name":"Elements","item":"https:\/\/restaurant-la-plume.fr\/?page_id=52"},{"@type":"ListItem","position":3,"name":"Galerie"}]}]}},"_links":{"self":[{"href":"https:\/\/restaurant-la-plume.fr\/index.php?rest_route=\/wp\/v2\/pages\/1650"}],"collection":[{"href":"https:\/\/restaurant-la-plume.fr\/index.php?rest_route=\/wp\/v2\/pages"}],"about":[{"href":"https:\/\/restaurant-la-plume.fr\/index.php?rest_route=\/wp\/v2\/types\/page"}],"author":[{"embeddable":true,"href":"https:\/\/restaurant-la-plume.fr\/index.php?rest_route=\/wp\/v2\/users\/1"}],"replies":[{"embeddable":true,"href":"https:\/\/restaurant-la-plume.fr\/index.php?rest_route=%2Fwp%2Fv2%2Fcomments&post=1650"}],"version-history":[{"count":12,"href":"https:\/\/restaurant-la-plume.fr\/index.php?rest_route=\/wp\/v2\/pages\/1650\/revisions"}],"predecessor-version":[{"id":4040,"href":"https:\/\/restaurant-la-plume.fr\/index.php?rest_route=\/wp\/v2\/pages\/1650\/revisions\/4040"}],"up":[{"embeddable":true,"href":"https:\/\/restaurant-la-plume.fr\/index.php?rest_route=\/wp\/v2\/pages\/52"}],"wp:attachment":[{"href":"https:\/\/restaurant-la-plume.fr\/index.php?rest_route=%2Fwp%2Fv2%2Fmedia&parent=1650"}],"curies":[{"name":"wp","href":"https:\/\/api.w.org\/{rel}","templated":true}]}}