{"id":1393,"date":"2022-01-20T21:32:11","date_gmt":"2022-01-20T20:32:11","guid":{"rendered":"https:\/\/attika.qodeinteractive.com\/?page_id=1393"},"modified":"2022-08-29T18:21:39","modified_gmt":"2022-08-29T16:21:39","slug":"avis","status":"publish","type":"page","link":"https:\/\/restaurant-la-plume.fr\/?page_id=1393","title":{"rendered":"Avis"},"content":{"rendered":"<p>[vc_row row_content_width=\u00a0\u00bbgrid\u00a0\u00bb][vc_column]<div class=\"mkdf-testimonials-holder clearfix mkdf-testimonials-standard  mkdf-navigation-numbers mkdf-nav-outer\">\n    <div class=\"mkdf-testimonials-icon\">\n        <svg version=\"1.1\" x=\"0px\" y=\"0px\"\n            width=\"50.75px\" height=\"37.828px\" viewBox=\"0 0 50.75 37.828\" enable-background=\"new 0 0 50.75 37.828\" xml:space=\"preserve\">\n            <path fill=\"#898989\" d=\"M39.486,14.41c-0.105-1.113-0.023-4.144,2.879-8.359c0.219-0.315,0.18-0.745-0.094-1.018\n            c-1.184-1.185-1.918-1.931-2.43-2.455c-0.676-0.687-0.984-1-1.438-1.41c-0.301-0.272-0.758-0.276-1.063-0.01\n            c-5.059,4.401-10.68,13.502-9.867,24.646c0.477,6.547,5.25,11.297,11.352,11.297c6.262,0,11.355-5.094,11.355-11.355\n            C50.181,19.707,45.439,14.754,39.486,14.41L39.486,14.41z M38.826,35.5c-5.238,0-9.34-4.125-9.754-9.807v-0.006\n            c-0.918-12.533,6.535-20.68,8.789-22.835c0.219,0.22,0.469,0.474,0.84,0.849c0.445,0.453,1.055,1.073,1.977,2\n            c-3.527,5.428-2.859,9.295-2.57,9.85c0.141,0.267,0.422,0.443,0.719,0.443c5.379,0,9.754,4.375,9.754,9.752\n            C48.58,31.125,44.205,35.5,38.826,35.5L38.826,35.5z M38.826,35.5\"\/>\n            <path fill=\"#898989\" d=\"M12.68,14.41c-0.105-1.113-0.023-4.144,2.879-8.359c0.219-0.315,0.18-0.745-0.094-1.018\n            c-1.184-1.185-1.918-1.931-2.43-2.455c-0.676-0.687-0.984-1-1.438-1.41c-0.301-0.272-0.758-0.276-1.063-0.01\n            C5.477,5.56-0.145,14.66,0.668,25.805c0.477,6.547,5.25,11.297,11.352,11.297c6.262,0,11.355-5.094,11.355-11.355\n            C23.375,19.707,18.633,14.754,12.68,14.41L12.68,14.41z M12.02,35.5c-5.238,0-9.34-4.125-9.754-9.807v-0.006\n            C1.348,13.154,8.801,5.008,11.055,2.853c0.219,0.22,0.469,0.474,0.84,0.849c0.445,0.453,1.055,1.073,1.977,2\n            c-3.527,5.428-2.859,9.295-2.57,9.85c0.141,0.267,0.422,0.443,0.719,0.443c5.379,0,9.754,4.375,9.754,9.752\n            C21.773,31.125,17.398,35.5,12.02,35.5L12.02,35.5z M12.02,35.5\"\/>\n        <\/svg>\n    <\/div>\n    <div class=\"mkdf-testimonials mkdf-owl-slider\" data-number-of-items=\"1\" data-enable-loop=\"yes\" data-enable-autoplay=\"yes\" data-slider-speed=\"5000\" data-slider-speed-animation=\"600\" data-enable-navigation=\"yes\" data-enable-pagination=\"no\">\n\n    \n            <div class=\"mkdf-testimonial-content\" id=\"mkdf-testimonials-4602\">\n                <div class=\"mkdf-testimonial-text-holder\">\n                                            <p class=\"mkdf-testimonial-text\">&quot; Nous avons pass\u00e9 une tr\u00e8s bonne soir\u00e9e, la cuisine indienne est excellente mais \u00e0 mon go\u00fbt, les \u00e9pices ne sont pas assez forts \ud83d\udd25\ud83e\udd17, l&#039;accueil est fort sympathique et les restaurateurs le sont tout autant. &quot;<\/p>\n                                                                <h4 class=\"mkdf-testimonial-author\">\n                            <span class=\"mkdf-testimonials-author-name\">Marc F.<\/span>\n                                                            <span class=\"mkdf-testimonials-author-job\">Avis Google<\/span>\n                                                    <\/h4>\n                                    <\/div>\n                            <\/div>\n\n    \n            <div class=\"mkdf-testimonial-content\" id=\"mkdf-testimonials-3997\">\n                <div class=\"mkdf-testimonial-text-holder\">\n                                            <p class=\"mkdf-testimonial-text\">&quot; Cuisine indienne de qualit\u00e9, le cadre est sobre et minimaliste pour une ambiance cosy. Les prix sont tout \u00e0 fait raisonnable et les assiettes sont fournies. Un vrai plaisir \u00e0 tous les niveaux pour ce restaurant qui vient de se lancer dans Molsheim. &quot;<\/p>\n                                                                <h4 class=\"mkdf-testimonial-author\">\n                            <span class=\"mkdf-testimonials-author-name\">Geoffrey WizLiz<\/span>\n                                                            <span class=\"mkdf-testimonials-author-job\">Avis Google<\/span>\n                                                    <\/h4>\n                                    <\/div>\n                            <\/div>\n\n    \n            <div class=\"mkdf-testimonial-content\" id=\"mkdf-testimonials-3988\">\n                <div class=\"mkdf-testimonial-text-holder\">\n                                            <p class=\"mkdf-testimonial-text\">&quot; Superbe d\u00e9couverte. Nous cherchions un restaurant dimanche midi et le hasard nous a permis de d\u00e9couvrir La Plume. Cuisine indienne tout en douceur et en saveurs. &quot;<\/p>\n                                                                <h4 class=\"mkdf-testimonial-author\">\n                            <span class=\"mkdf-testimonials-author-name\">Neo James<\/span>\n                                                            <span class=\"mkdf-testimonials-author-job\">Avis Google<\/span>\n                                                    <\/h4>\n                                    <\/div>\n                            <\/div>\n\n    \n            <div class=\"mkdf-testimonial-content\" id=\"mkdf-testimonials-603\">\n                <div class=\"mkdf-testimonial-text-holder\">\n                                            <p class=\"mkdf-testimonial-text\">&quot; Changement propri\u00e9taire. Super restaurant indien. Les g\u00e9rants sont tr\u00e8s sympathiques et accueillant. Bonnes recettes indiennes, de qualit\u00e9. Et super deco, beaucoup moins charg\u00e9 qu\u2019auparavant ! &quot;<\/p>\n                                                                <h4 class=\"mkdf-testimonial-author\">\n                            <span class=\"mkdf-testimonials-author-name\">C\u00e9lia R.<\/span>\n                                                            <span class=\"mkdf-testimonials-author-job\">Avis Google<\/span>\n                                                    <\/h4>\n                                    <\/div>\n                            <\/div>\n\n    \n            <div class=\"mkdf-testimonial-content\" id=\"mkdf-testimonials-308\">\n                <div class=\"mkdf-testimonial-text-holder\">\n                                            <p class=\"mkdf-testimonial-text\">&quot; Nouveau propri\u00e9taire avec sp\u00e9cialit\u00e9s Indienne. Accueil chaleureux et beaucoup de saveurs dans l\u2019assiette. Cadre sympathique et \u00e9pur\u00e9. Nous reviendrons. &quot;<\/p>\n                                                                <h4 class=\"mkdf-testimonial-author\">\n                            <span class=\"mkdf-testimonials-author-name\">Brahms67<\/span>\n                                                            <span class=\"mkdf-testimonials-author-job\">Avis Google<\/span>\n                                                    <\/h4>\n                                    <\/div>\n                            <\/div>\n\n    \n    <\/div>\n<\/div>[\/vc_column][\/vc_row][vc_row][vc_column][vc_empty_space][\/vc_column][\/vc_row][vc_row][vc_column][vc_single_image image=\u00a0\u00bb4004&Prime; img_size=\u00a0\u00bbmedium\u00a0\u00bb alignment=\u00a0\u00bbcenter\u00a0\u00bb css_animation=\u00a0\u00bbfadeInUp\u00a0\u00bb el_class=\u00a0\u00bbimagegoogle\u00a0\u00bb][\/vc_column][\/vc_row][vc_row][vc_column][vc_btn title=\u00a0\u00bbDONNEZ VOTRE AVIS\u00a0\u00bb color=\u00a0\u00bborange\u00a0\u00bb align=\u00a0\u00bbcenter\u00a0\u00bb i_icon_fontawesome=\u00a0\u00bbfar fa-hand-point-up\u00a0\u00bb css_animation=\u00a0\u00bbfadeInUp\u00a0\u00bb add_icon=\u00a0\u00bbtrue\u00a0\u00bb link=\u00a0\u00bburl:https%3A%2F%2Fg.page%2Fr%2FCVeWwxNSv0t2EAE|title:Avis%20Google|target:_blank\u00a0\u00bb css=\u00a0\u00bb.vc_custom_1645568905167{margin-top: 10px !important;}\u00a0\u00bb][\/vc_column][\/vc_row][vc_row row_content_width=\u00a0\u00bbgrid\u00a0\u00bb][vc_column][vc_single_image image=\u00a0\u00bb4007&Prime; img_size=\u00a0\u00bblarge\u00a0\u00bb alignment=\u00a0\u00bbcenter\u00a0\u00bb css_animation=\u00a0\u00bbnone\u00a0\u00bb][\/vc_column][\/vc_row]<\/p>\n","protected":false},"excerpt":{"rendered":"<p>[vc_row row_content_width=\u00a0\u00bbgrid\u00a0\u00bb][vc_column][\/vc_column][\/vc_row][vc_row][vc_column][vc_empty_space][\/vc_column][\/vc_row][vc_row][vc_column][vc_single_image image=\u00a0\u00bb4004&Prime; img_size=\u00a0\u00bbmedium\u00a0\u00bb alignment=\u00a0\u00bbcenter\u00a0\u00bb css_animation=\u00a0\u00bbfadeInUp\u00a0\u00bb el_class=\u00a0\u00bbimagegoogle\u00a0\u00bb][\/vc_column][\/vc_row][vc_row][vc_column][vc_btn title=\u00a0\u00bbDONNEZ VOTRE AVIS\u00a0\u00bb color=\u00a0\u00bborange\u00a0\u00bb align=\u00a0\u00bbcenter\u00a0\u00bb i_icon_fontawesome=\u00a0\u00bbfar fa-hand-point-up\u00a0\u00bb css_animation=\u00a0\u00bbfadeInUp\u00a0\u00bb add_icon=\u00a0\u00bbtrue\u00a0\u00bb link=\u00a0\u00bburl:https%3A%2F%2Fg.page%2Fr%2FCVeWwxNSv0t2EAE|title:Avis%20Google|target:_blank\u00a0\u00bb css=\u00a0\u00bb.vc_custom_1645568905167{margin-top: 10px !important;}\u00a0\u00bb][\/vc_column][\/vc_row][vc_row row_content_width=\u00a0\u00bbgrid\u00a0\u00bb][vc_column][vc_single_image image=\u00a0\u00bb4007&Prime; img_size=\u00a0\u00bblarge\u00a0\u00bb alignment=\u00a0\u00bbcenter\u00a0\u00bb css_animation=\u00a0\u00bbnone\u00a0\u00bb][\/vc_column][\/vc_row]<\/p>\n","protected":false},"author":1,"featured_media":0,"parent":52,"menu_order":0,"comment_status":"closed","ping_status":"closed","template":"full-width.php","meta":{"inline_featured_image":false},"yoast_head":"<!-- This site is optimized with the Yoast SEO plugin v18.1 - https:\/\/yoast.com\/wordpress\/plugins\/seo\/ -->\n<title>Avis - Restaurant La Plume<\/title>\n<meta name=\"robots\" content=\"index, follow, max-snippet:-1, max-image-preview:large, max-video-preview:-1\" \/>\n<link rel=\"canonical\" href=\"https:\/\/restaurant-la-plume.fr\/?page_id=1393\" \/>\n<meta property=\"og:locale\" content=\"fr_FR\" \/>\n<meta property=\"og:type\" content=\"article\" \/>\n<meta property=\"og:title\" content=\"Avis - Restaurant La Plume\" \/>\n<meta property=\"og:description\" content=\"[vc_row row_content_width=\u00a0\u00bbgrid\u00a0\u00bb][vc_column][\/vc_column][\/vc_row][vc_row][vc_column][vc_empty_space][\/vc_column][\/vc_row][vc_row][vc_column][vc_single_image image=\u00a0\u00bb4004&Prime; img_size=\u00a0\u00bbmedium\u00a0\u00bb alignment=\u00a0\u00bbcenter\u00a0\u00bb css_animation=\u00a0\u00bbfadeInUp\u00a0\u00bb el_class=\u00a0\u00bbimagegoogle\u00a0\u00bb][\/vc_column][\/vc_row][vc_row][vc_column][vc_btn title=\u00a0\u00bbDONNEZ VOTRE AVIS\u00a0\u00bb color=\u00a0\u00bborange\u00a0\u00bb align=\u00a0\u00bbcenter\u00a0\u00bb i_icon_fontawesome=\u00a0\u00bbfar fa-hand-point-up\u00a0\u00bb css_animation=\u00a0\u00bbfadeInUp\u00a0\u00bb add_icon=\u00a0\u00bbtrue\u00a0\u00bb link=\u00a0\u00bburl:https%3A%2F%2Fg.page%2Fr%2FCVeWwxNSv0t2EAE|title:Avis%20Google|target:_blank\u00a0\u00bb css=\u00a0\u00bb.vc_custom_1645568905167{margin-top: 10px !important;}\u00a0\u00bb][\/vc_column][\/vc_row][vc_row row_content_width=\u00a0\u00bbgrid\u00a0\u00bb][vc_column][vc_single_image image=\u00a0\u00bb4007&Prime; img_size=\u00a0\u00bblarge\u00a0\u00bb alignment=\u00a0\u00bbcenter\u00a0\u00bb css_animation=\u00a0\u00bbnone\u00a0\u00bb][\/vc_column][\/vc_row]\" \/>\n<meta property=\"og:url\" content=\"https:\/\/restaurant-la-plume.fr\/?page_id=1393\" \/>\n<meta property=\"og:site_name\" content=\"Restaurant La Plume\" \/>\n<meta property=\"article:modified_time\" content=\"2022-08-29T16:21:39+00:00\" \/>\n<meta name=\"twitter:card\" content=\"summary_large_image\" \/>\n<meta name=\"twitter:label1\" content=\"Dur\u00e9e de lecture estim\u00e9e\" \/>\n\t<meta name=\"twitter:data1\" content=\"1 minute\" \/>\n<script type=\"application\/ld+json\" class=\"yoast-schema-graph\">{\"@context\":\"https:\/\/schema.org\",\"@graph\":[{\"@type\":\"WebSite\",\"@id\":\"https:\/\/restaurant-la-plume.fr\/#website\",\"url\":\"https:\/\/restaurant-la-plume.fr\/\",\"name\":\"Restaurant La Plume\",\"description\":\"Sp\u00e9cialit\u00e9s indiennes\",\"potentialAction\":[{\"@type\":\"SearchAction\",\"target\":{\"@type\":\"EntryPoint\",\"urlTemplate\":\"https:\/\/restaurant-la-plume.fr\/?s={search_term_string}\"},\"query-input\":\"required name=search_term_string\"}],\"inLanguage\":\"fr-FR\"},{\"@type\":\"WebPage\",\"@id\":\"https:\/\/restaurant-la-plume.fr\/?page_id=1393#webpage\",\"url\":\"https:\/\/restaurant-la-plume.fr\/?page_id=1393\",\"name\":\"Avis - Restaurant La Plume\",\"isPartOf\":{\"@id\":\"https:\/\/restaurant-la-plume.fr\/#website\"},\"datePublished\":\"2022-01-20T20:32:11+00:00\",\"dateModified\":\"2022-08-29T16:21:39+00:00\",\"breadcrumb\":{\"@id\":\"https:\/\/restaurant-la-plume.fr\/?page_id=1393#breadcrumb\"},\"inLanguage\":\"fr-FR\",\"potentialAction\":[{\"@type\":\"ReadAction\",\"target\":[\"https:\/\/restaurant-la-plume.fr\/?page_id=1393\"]}]},{\"@type\":\"BreadcrumbList\",\"@id\":\"https:\/\/restaurant-la-plume.fr\/?page_id=1393#breadcrumb\",\"itemListElement\":[{\"@type\":\"ListItem\",\"position\":1,\"name\":\"Accueil\",\"item\":\"https:\/\/restaurant-la-plume.fr\/\"},{\"@type\":\"ListItem\",\"position\":2,\"name\":\"Elements\",\"item\":\"https:\/\/restaurant-la-plume.fr\/?page_id=52\"},{\"@type\":\"ListItem\",\"position\":3,\"name\":\"Avis\"}]}]}<\/script>\n<!-- \/ Yoast SEO plugin. -->","yoast_head_json":{"title":"Avis - Restaurant La Plume","robots":{"index":"index","follow":"follow","max-snippet":"max-snippet:-1","max-image-preview":"max-image-preview:large","max-video-preview":"max-video-preview:-1"},"canonical":"https:\/\/restaurant-la-plume.fr\/?page_id=1393","og_locale":"fr_FR","og_type":"article","og_title":"Avis - Restaurant La Plume","og_description":"[vc_row row_content_width=\u00a0\u00bbgrid\u00a0\u00bb][vc_column][\/vc_column][\/vc_row][vc_row][vc_column][vc_empty_space][\/vc_column][\/vc_row][vc_row][vc_column][vc_single_image image=\u00a0\u00bb4004&Prime; img_size=\u00a0\u00bbmedium\u00a0\u00bb alignment=\u00a0\u00bbcenter\u00a0\u00bb css_animation=\u00a0\u00bbfadeInUp\u00a0\u00bb el_class=\u00a0\u00bbimagegoogle\u00a0\u00bb][\/vc_column][\/vc_row][vc_row][vc_column][vc_btn title=\u00a0\u00bbDONNEZ VOTRE AVIS\u00a0\u00bb color=\u00a0\u00bborange\u00a0\u00bb align=\u00a0\u00bbcenter\u00a0\u00bb i_icon_fontawesome=\u00a0\u00bbfar fa-hand-point-up\u00a0\u00bb css_animation=\u00a0\u00bbfadeInUp\u00a0\u00bb add_icon=\u00a0\u00bbtrue\u00a0\u00bb link=\u00a0\u00bburl:https%3A%2F%2Fg.page%2Fr%2FCVeWwxNSv0t2EAE|title:Avis%20Google|target:_blank\u00a0\u00bb css=\u00a0\u00bb.vc_custom_1645568905167{margin-top: 10px !important;}\u00a0\u00bb][\/vc_column][\/vc_row][vc_row row_content_width=\u00a0\u00bbgrid\u00a0\u00bb][vc_column][vc_single_image image=\u00a0\u00bb4007&Prime; img_size=\u00a0\u00bblarge\u00a0\u00bb alignment=\u00a0\u00bbcenter\u00a0\u00bb css_animation=\u00a0\u00bbnone\u00a0\u00bb][\/vc_column][\/vc_row]","og_url":"https:\/\/restaurant-la-plume.fr\/?page_id=1393","og_site_name":"Restaurant La Plume","article_modified_time":"2022-08-29T16:21:39+00:00","twitter_card":"summary_large_image","twitter_misc":{"Dur\u00e9e de lecture estim\u00e9e":"1 minute"},"schema":{"@context":"https:\/\/schema.org","@graph":[{"@type":"WebSite","@id":"https:\/\/restaurant-la-plume.fr\/#website","url":"https:\/\/restaurant-la-plume.fr\/","name":"Restaurant La Plume","description":"Sp\u00e9cialit\u00e9s indiennes","potentialAction":[{"@type":"SearchAction","target":{"@type":"EntryPoint","urlTemplate":"https:\/\/restaurant-la-plume.fr\/?s={search_term_string}"},"query-input":"required name=search_term_string"}],"inLanguage":"fr-FR"},{"@type":"WebPage","@id":"https:\/\/restaurant-la-plume.fr\/?page_id=1393#webpage","url":"https:\/\/restaurant-la-plume.fr\/?page_id=1393","name":"Avis - Restaurant La Plume","isPartOf":{"@id":"https:\/\/restaurant-la-plume.fr\/#website"},"datePublished":"2022-01-20T20:32:11+00:00","dateModified":"2022-08-29T16:21:39+00:00","breadcrumb":{"@id":"https:\/\/restaurant-la-plume.fr\/?page_id=1393#breadcrumb"},"inLanguage":"fr-FR","potentialAction":[{"@type":"ReadAction","target":["https:\/\/restaurant-la-plume.fr\/?page_id=1393"]}]},{"@type":"BreadcrumbList","@id":"https:\/\/restaurant-la-plume.fr\/?page_id=1393#breadcrumb","itemListElement":[{"@type":"ListItem","position":1,"name":"Accueil","item":"https:\/\/restaurant-la-plume.fr\/"},{"@type":"ListItem","position":2,"name":"Elements","item":"https:\/\/restaurant-la-plume.fr\/?page_id=52"},{"@type":"ListItem","position":3,"name":"Avis"}]}]}},"_links":{"self":[{"href":"https:\/\/restaurant-la-plume.fr\/index.php?rest_route=\/wp\/v2\/pages\/1393"}],"collection":[{"href":"https:\/\/restaurant-la-plume.fr\/index.php?rest_route=\/wp\/v2\/pages"}],"about":[{"href":"https:\/\/restaurant-la-plume.fr\/index.php?rest_route=\/wp\/v2\/types\/page"}],"author":[{"embeddable":true,"href":"https:\/\/restaurant-la-plume.fr\/index.php?rest_route=\/wp\/v2\/users\/1"}],"replies":[{"embeddable":true,"href":"https:\/\/restaurant-la-plume.fr\/index.php?rest_route=%2Fwp%2Fv2%2Fcomments&post=1393"}],"version-history":[{"count":20,"href":"https:\/\/restaurant-la-plume.fr\/index.php?rest_route=\/wp\/v2\/pages\/1393\/revisions"}],"predecessor-version":[{"id":4603,"href":"https:\/\/restaurant-la-plume.fr\/index.php?rest_route=\/wp\/v2\/pages\/1393\/revisions\/4603"}],"up":[{"embeddable":true,"href":"https:\/\/restaurant-la-plume.fr\/index.php?rest_route=\/wp\/v2\/pages\/52"}],"wp:attachment":[{"href":"https:\/\/restaurant-la-plume.fr\/index.php?rest_route=%2Fwp%2Fv2%2Fmedia&parent=1393"}],"curies":[{"name":"wp","href":"https:\/\/api.w.org\/{rel}","templated":true}]}}